{"id":135,"date":"2025-11-27T10:05:53","date_gmt":"2025-11-27T09:05:53","guid":{"rendered":"https:\/\/dev.noval-home.com\/?page_id=135"},"modified":"2026-01-16T14:08:55","modified_gmt":"2026-01-16T13:08:55","slug":"contact","status":"publish","type":"page","link":"https:\/\/dev.noval-home.com\/en\/contact\/","title":{"rendered":"Contact"},"content":{"rendered":"<section class=\"bde-section-135-100 bde-section\">\n  \n  \n\t\n\n\n\n<div class=\"section-container\"><h1 class=\"bde-heading-135-101 bde-heading\">\nContact\n<\/h1><\/div>\n<\/section><section class=\"bde-section-135-102 bde-section\">\n  \n  \n\t\n\n\n\n<div class=\"section-container\"><div class=\"bde-text-135-104 bde-text\">\nPour toute demande, n'h\u00e9sitez pas \u00e0 nous contacter depuis le formulaire ci-dessous ou par t\u00e9l\u00e9phone au <a href=\"tel:33534470009\">+33 5 34 47 00 09<\/a>.\n<\/div><style>@media (max-width:767px){.breakdance .bde-form-builder-135-103 .breakdance-form{grid-template-columns:unset}.breakdance .bde-form-builder-135-103 .breakdance-form--horizontal{grid-auto-flow:unset}.breakdance .bde-form-builder-135-103 .breakdance-form .breakdance-form-field,.breakdance .bde-form-builder-135-103 .breakdance-form .breakdance-form-stepper{grid-column-start:unset}}<\/style><div class=\"bde-form-builder-135-103 bde-form-builder\">\n\n\n<form id=\"contact103\" class=\"breakdance-form breakdance-form--vertical\" data-options=\"{&quot;slug&quot;:&quot;custom&quot;,&quot;name&quot;:&quot;Contact&quot;,&quot;ajaxUrl&quot;:&quot;https:\\\/\\\/dev.noval-home.com\\\/wp-admin\\\/admin-ajax.php&quot;,&quot;clearOnSuccess&quot;:true,&quot;hideOnSuccess&quot;:true,&quot;successMessage&quot;:&quot;Votre message a bien \\u00e9t\\u00e9 envoy\\u00e9&quot;,&quot;errorMessage&quot;:&quot;Une erreur s&#039;est produite&quot;,&quot;redirect&quot;:true,&quot;redirectUrl&quot;:&quot;\\\/confirmation\\\/&quot;,&quot;customJavaScript&quot;:&quot;&quot;,&quot;recaptcha&quot;:{&quot;key&quot;:&quot;&quot;,&quot;enabled&quot;:false},&quot;honeypot_enabled&quot;:true,&quot;popupsOnSuccess&quot;:[],&quot;popupsOnError&quot;:[]}\" data-steps=\"0\" >\n  \n  \n  \n<div class=\"breakdance-form-field breakdance-form-field--hidden\" >\n    \n    \n    \n    <input\n    id=\"source\"\n    type=\"hidden\"\n    name=\"fields[source]\"\n    value=\"https:\/\/dev.noval-home.com\/en\/contact\/\"\n    >\n\n\n    \n    \n<\/div>\n\n\n<div class=\"breakdance-form-field breakdance-form-field--select\" >\n    \n    \n            <label class=\"breakdance-form-field__label\" for=\"demande\">\n            Demande<span class=\"breakdance-form-field__required\">*<\/span>\n        <\/label>\n    \n    <select\n    class=\"breakdance-form-field__input\"\n    id=\"demande\"\n    name=\"fields[demande]\"\n    required\n    \n        >\n      <option value=\"\"> <\/option>\n          <option value=\"Informations produit\" >Informations produit<\/option>\n        <option value=\"Demande de devis\" >Demande de devis<\/option>\n        <option value=\"Service apr\u00e8s-vente\" >Service apr\u00e8s-vente<\/option>\n        <option value=\"Autre\" >Autre<\/option>\n  <\/select>\n\n\n    \n    \n<\/div>\n\n\n<div class=\"breakdance-form-field breakdance-form-field--select\" >\n    \n    \n            <label class=\"breakdance-form-field__label\" for=\"produit\">\n            Produit(s) concern\u00e9(s)<span class=\"breakdance-form-field__required\">*<\/span>\n        <\/label>\n    \n    <select\n    class=\"breakdance-form-field__input\"\n    id=\"produit\"\n    name=\"fields[produit][]\"\n    required\n    multiple\n        >\n          <option value=\"Volet motoris\u00e9\" >Volet motoris\u00e9<\/option>\n        <option value=\"Motorisation d&#039;abri\" >Motorisation d'abri<\/option>\n        <option value=\"Motorisation de baie coulissante\" >Motorisation de baie coulissante<\/option>\n        <option value=\"Pilotage pergola\" >Pilotage pergola<\/option>\n        <option value=\"Motorisation de jalousie\" >Motorisation de jalousie<\/option>\n        <option value=\"Fond mobile de piscine\" >Fond mobile de piscine<\/option>\n        <option value=\"Autre\" >Autre<\/option>\n  <\/select>\n\n\n    \n    \n<\/div>\n\n\n<div class=\"breakdance-form-field breakdance-form-field--text\" >\n    \n    \n            <label class=\"breakdance-form-field__label\" for=\"societe\">\n            Soci\u00e9t\u00e9<span class=\"breakdance-form-field__required\">*<\/span>\n        <\/label>\n    \n    <input\n    class=\"breakdance-form-field__input\"\n    id=\"societe\"\n    aria-describedby=\"societe\"\n    type=\"text\"\n    name=\"fields[societe]\"\n    placeholder=\"\"\n    value=\"\"\n                \n        \n        \n    required\n    \n    \n    \n>\n\n\n    \n    \n<\/div>\n\n\n<div class=\"breakdance-form-field breakdance-form-field--text\" >\n    \n    \n            <label class=\"breakdance-form-field__label\" for=\"prenom\">\n            Pr\u00e9nom<span class=\"breakdance-form-field__required\">*<\/span>\n        <\/label>\n    \n    <input\n    class=\"breakdance-form-field__input\"\n    id=\"prenom\"\n    aria-describedby=\"prenom\"\n    type=\"text\"\n    name=\"fields[prenom]\"\n    placeholder=\"\"\n    value=\"\"\n                \n        \n        \n    required\n    \n    \n    \n>\n\n\n    \n    \n<\/div>\n\n\n<div class=\"breakdance-form-field breakdance-form-field--text\" >\n    \n    \n            <label class=\"breakdance-form-field__label\" for=\"nom\">\n            Nom<span class=\"breakdance-form-field__required\">*<\/span>\n        <\/label>\n    \n    <input\n    class=\"breakdance-form-field__input\"\n    id=\"nom\"\n    aria-describedby=\"nom\"\n    type=\"text\"\n    name=\"fields[nom]\"\n    placeholder=\"\"\n    value=\"\"\n                \n        \n        \n    required\n    \n    \n    \n>\n\n\n    \n    \n<\/div>\n\n\n<div class=\"breakdance-form-field breakdance-form-field--text\" >\n    \n    \n            <label class=\"breakdance-form-field__label\" for=\"pays\">\n            Pays<span class=\"breakdance-form-field__required\">*<\/span>\n        <\/label>\n    \n    <input\n    class=\"breakdance-form-field__input\"\n    id=\"pays\"\n    aria-describedby=\"pays\"\n    type=\"text\"\n    name=\"fields[pays]\"\n    placeholder=\"\"\n    value=\"France\"\n                \n        \n        \n    required\n    \n    \n    \n>\n\n\n    \n    \n<\/div>\n\n\n<div class=\"breakdance-form-field breakdance-form-field--text\" >\n    \n    \n            <label class=\"breakdance-form-field__label\" for=\"ville\">\n            Ville<span class=\"breakdance-form-field__required\">*<\/span>\n        <\/label>\n    \n    <input\n    class=\"breakdance-form-field__input\"\n    id=\"ville\"\n    aria-describedby=\"ville\"\n    type=\"text\"\n    name=\"fields[ville]\"\n    placeholder=\"\"\n    value=\"\"\n                \n        \n        \n    required\n    \n    \n    \n>\n\n\n    \n    \n<\/div>\n\n\n<div class=\"breakdance-form-field breakdance-form-field--email\" >\n    \n    \n            <label class=\"breakdance-form-field__label\" for=\"email\">\n            Adresse e-mail<span class=\"breakdance-form-field__required\">*<\/span>\n        <\/label>\n    \n    <input\n    class=\"breakdance-form-field__input\"\n    id=\"email\"\n    aria-describedby=\"email\"\n    type=\"email\"\n    name=\"fields[email]\"\n    placeholder=\"\"\n    value=\"\"\n                \n        \n        \n    required\n    \n    \n    \n>\n\n\n    \n    \n<\/div>\n\n\n<div class=\"breakdance-form-field breakdance-form-field--tel\" >\n    \n    \n            <label class=\"breakdance-form-field__label\" for=\"telephone\">\n            T\u00e9l\u00e9phone<span class=\"breakdance-form-field__required\">*<\/span>\n        <\/label>\n    \n    <input\n    class=\"breakdance-form-field__input\"\n    id=\"telephone\"\n    aria-describedby=\"telephone\"\n    type=\"tel\"\n    name=\"fields[telephone]\"\n    placeholder=\"\"\n    value=\"\"\n                \n        \n        \n    required\n    \n    \n    \n>\n\n\n    \n    \n<\/div>\n\n\n<div class=\"breakdance-form-field breakdance-form-field--select\" >\n    \n    \n            <label class=\"breakdance-form-field__label\" for=\"comment\">\n            Comment nous avez-vous connu ?<span class=\"breakdance-form-field__required\">*<\/span>\n        <\/label>\n    \n    <select\n    class=\"breakdance-form-field__input\"\n    id=\"comment\"\n    name=\"fields[comment]\"\n    required\n    \n        >\n      <option value=\"\"> <\/option>\n          <option value=\"Bouche \u00e0 oreille\" >Bouche \u00e0 oreille<\/option>\n        <option value=\"Internet\" >Internet<\/option>\n        <option value=\"Presse\" >Presse<\/option>\n        <option value=\"Salon\" >Salon<\/option>\n        <option value=\"D\u00e9j\u00e0 client\" >D\u00e9j\u00e0 client<\/option>\n        <option value=\"Autre\" >Autre<\/option>\n  <\/select>\n\n\n    \n    \n<\/div>\n\n\n<div class=\"breakdance-form-field breakdance-form-field--textarea\" >\n    \n    \n            <label class=\"breakdance-form-field__label\" for=\"message\">\n            Description de votre demande<span class=\"breakdance-form-field__required\">*<\/span>\n        <\/label>\n    \n    <textarea\n    class=\"breakdance-form-field__input\"\n    id=\"message\"\n    aria-describedby=\"message\"\n    type=\"textarea\"\n    name=\"fields[message]\"\n        rows=\"5\"\n        placeholder=\"\"\n    required\n    >\n<\/textarea>\n\n\n    \n    \n<\/div>\n\n\n<div class=\"breakdance-form-field breakdance-form-field--hpinput\" >\n    \n    \n            <label class=\"breakdance-form-field__label\" for=\"hpname\">\n            HP Name\n        <\/label>\n    \n    <input\n    class=\"breakdance-form-field__input\"\n    id=\"hpname\"\n    aria-describedby=\"hpname\"\n    type=\"hpinput\"\n    name=\"fields[hpname]\"\n    placeholder=\"\"\n    value=\"\"\n                \n        \n        \n    \n    autocomplete=\"off\"\n    tabindex=\"-1\"\n    \n>\n\n\n    \n    \n<\/div>\n\n\n  \n\n<div class=\"breakdance-form-field breakdance-form-footer\">\n    \n    \n                                    \n    \n    \n    \n    \n            \n            <button type=\"submit\" class=\"button-atom button-atom--primary breakdance-form-button breakdance-form-button__submit\"  >\n    \n        <span class=\"button-atom__text\">Envoyer<\/span>\n\n        \n        \n            <\/button>\n    \n    <input type=\"hidden\" name=\"form_id\" value=\"103\">\n    <input type=\"hidden\" name=\"post_id\" value=\"135\">\n<\/div>\n\n  \n<\/form>\n\n\n\n<\/div><\/div>\n<\/section>","protected":false},"excerpt":{"rendered":"<p>Contact Pour toute demande, n&rsquo;h\u00e9sitez pas \u00e0 nous contacter depuis le formulaire ci-dessous ou par t\u00e9l\u00e9phone au +33 5 34 47 00 09. Demande* Informations produit Demande de devis Service apr\u00e8s-vente Autre Produit(s) concern\u00e9(s)* Volet motoris\u00e9 Motorisation d&rsquo;abri Motorisation de baie coulissante Pilotage pergola Motorisation de jalousie Fond mobile de piscine Autre Soci\u00e9t\u00e9* Pr\u00e9nom* Nom* [&hellip;]<\/p>\n","protected":false},"author":1,"featured_media":0,"parent":0,"menu_order":0,"comment_status":"closed","ping_status":"closed","template":"","meta":{"_acf_changed":false,"_breakdance_hide_in_design_set":false,"_breakdance_tags":"","footnotes":""},"class_list":["post-135","page","type-page","status-publish","hentry"],"acf":[],"yoast_head":"<!-- This site is optimized with the Yoast SEO plugin v27.4 - https:\/\/yoast.com\/product\/yoast-seo-wordpress\/ -->\n<title>Contact - Noval Home<\/title>\n<meta name=\"robots\" content=\"noindex, follow, max-snippet:-1, max-image-preview:large, max-video-preview:-1\" \/>\n<meta property=\"og:locale\" content=\"en_GB\" \/>\n<meta property=\"og:type\" content=\"article\" \/>\n<meta property=\"og:title\" content=\"Contact - Noval Home\" \/>\n<meta property=\"og:description\" content=\"Contact Pour toute demande, n&#039;h\u00e9sitez pas \u00e0 nous contacter depuis le formulaire ci-dessous ou par t\u00e9l\u00e9phone au +33 5 34 47 00 09. Demande* Informations produit Demande de devis Service apr\u00e8s-vente Autre Produit(s) concern\u00e9(s)* Volet motoris\u00e9 Motorisation d&#039;abri Motorisation de baie coulissante Pilotage pergola Motorisation de jalousie Fond mobile de piscine Autre Soci\u00e9t\u00e9* Pr\u00e9nom* Nom* [&hellip;]\" \/>\n<meta property=\"og:url\" content=\"https:\/\/dev.noval-home.com\/en\/contact\/\" \/>\n<meta property=\"og:site_name\" content=\"Noval Home\" \/>\n<meta property=\"article:modified_time\" content=\"2026-01-16T13:08:55+00:00\" \/>\n<meta property=\"og:image\" content=\"https:\/\/dev.noval-home.com\/wp-content\/uploads\/2025\/12\/noval-4.jpg\" \/>\n\t<meta property=\"og:image:width\" content=\"1200\" \/>\n\t<meta property=\"og:image:height\" content=\"675\" \/>\n\t<meta property=\"og:image:type\" content=\"image\/jpeg\" \/>\n<meta name=\"twitter:card\" content=\"summary_large_image\" \/>\n<script type=\"application\/ld+json\" class=\"yoast-schema-graph\">{\"@context\":\"https:\\\/\\\/schema.org\",\"@graph\":[{\"@type\":\"WebPage\",\"@id\":\"https:\\\/\\\/dev.noval-home.com\\\/contact\\\/\",\"url\":\"https:\\\/\\\/dev.noval-home.com\\\/contact\\\/\",\"name\":\"Contact - Noval Home\",\"isPartOf\":{\"@id\":\"https:\\\/\\\/dev.noval-home.com\\\/#website\"},\"datePublished\":\"2025-11-27T09:05:53+00:00\",\"dateModified\":\"2026-01-16T13:08:55+00:00\",\"breadcrumb\":{\"@id\":\"https:\\\/\\\/dev.noval-home.com\\\/contact\\\/#breadcrumb\"},\"inLanguage\":\"en-GB\",\"potentialAction\":[{\"@type\":\"ReadAction\",\"target\":[\"https:\\\/\\\/dev.noval-home.com\\\/contact\\\/\"]}]},{\"@type\":\"BreadcrumbList\",\"@id\":\"https:\\\/\\\/dev.noval-home.com\\\/contact\\\/#breadcrumb\",\"itemListElement\":[{\"@type\":\"ListItem\",\"position\":1,\"name\":\"Accueil\",\"item\":\"https:\\\/\\\/dev.noval-home.com\\\/\"},{\"@type\":\"ListItem\",\"position\":2,\"name\":\"Contact\"}]},{\"@type\":\"WebSite\",\"@id\":\"https:\\\/\\\/dev.noval-home.com\\\/#website\",\"url\":\"https:\\\/\\\/dev.noval-home.com\\\/\",\"name\":\"Noval France\",\"description\":\"\",\"publisher\":{\"@id\":\"https:\\\/\\\/dev.noval-home.com\\\/#organization\"},\"potentialAction\":[{\"@type\":\"SearchAction\",\"target\":{\"@type\":\"EntryPoint\",\"urlTemplate\":\"https:\\\/\\\/dev.noval-home.com\\\/?s={search_term_string}\"},\"query-input\":{\"@type\":\"PropertyValueSpecification\",\"valueRequired\":true,\"valueName\":\"search_term_string\"}}],\"inLanguage\":\"en-GB\"},{\"@type\":\"Organization\",\"@id\":\"https:\\\/\\\/dev.noval-home.com\\\/#organization\",\"name\":\"Noval France\",\"url\":\"https:\\\/\\\/dev.noval-home.com\\\/\",\"logo\":{\"@type\":\"ImageObject\",\"inLanguage\":\"en-GB\",\"@id\":\"https:\\\/\\\/dev.noval-home.com\\\/#\\\/schema\\\/logo\\\/image\\\/\",\"url\":\"https:\\\/\\\/dev.noval-home.com\\\/wp-content\\\/uploads\\\/2025\\\/11\\\/noval-1.png\",\"contentUrl\":\"https:\\\/\\\/dev.noval-home.com\\\/wp-content\\\/uploads\\\/2025\\\/11\\\/noval-1.png\",\"width\":500,\"height\":128,\"caption\":\"Noval France\"},\"image\":{\"@id\":\"https:\\\/\\\/dev.noval-home.com\\\/#\\\/schema\\\/logo\\\/image\\\/\"},\"sameAs\":[\"https:\\\/\\\/www.linkedin.com\\\/company\\\/noval\\\/\"]}]}<\/script>\n<!-- \/ Yoast SEO plugin. -->","yoast_head_json":{"title":"Contact - Noval Home","robots":{"index":"noindex","follow":"follow","max-snippet":"max-snippet:-1","max-image-preview":"max-image-preview:large","max-video-preview":"max-video-preview:-1"},"og_locale":"en_GB","og_type":"article","og_title":"Contact - Noval Home","og_description":"Contact Pour toute demande, n'h\u00e9sitez pas \u00e0 nous contacter depuis le formulaire ci-dessous ou par t\u00e9l\u00e9phone au +33 5 34 47 00 09. Demande* Informations produit Demande de devis Service apr\u00e8s-vente Autre Produit(s) concern\u00e9(s)* Volet motoris\u00e9 Motorisation d'abri Motorisation de baie coulissante Pilotage pergola Motorisation de jalousie Fond mobile de piscine Autre Soci\u00e9t\u00e9* Pr\u00e9nom* Nom* [&hellip;]","og_url":"https:\/\/dev.noval-home.com\/en\/contact\/","og_site_name":"Noval Home","article_modified_time":"2026-01-16T13:08:55+00:00","og_image":[{"width":1200,"height":675,"url":"https:\/\/dev.noval-home.com\/wp-content\/uploads\/2025\/12\/noval-4.jpg","type":"image\/jpeg"}],"twitter_card":"summary_large_image","schema":{"@context":"https:\/\/schema.org","@graph":[{"@type":"WebPage","@id":"https:\/\/dev.noval-home.com\/contact\/","url":"https:\/\/dev.noval-home.com\/contact\/","name":"Contact - Noval Home","isPartOf":{"@id":"https:\/\/dev.noval-home.com\/#website"},"datePublished":"2025-11-27T09:05:53+00:00","dateModified":"2026-01-16T13:08:55+00:00","breadcrumb":{"@id":"https:\/\/dev.noval-home.com\/contact\/#breadcrumb"},"inLanguage":"en-GB","potentialAction":[{"@type":"ReadAction","target":["https:\/\/dev.noval-home.com\/contact\/"]}]},{"@type":"BreadcrumbList","@id":"https:\/\/dev.noval-home.com\/contact\/#breadcrumb","itemListElement":[{"@type":"ListItem","position":1,"name":"Accueil","item":"https:\/\/dev.noval-home.com\/"},{"@type":"ListItem","position":2,"name":"Contact"}]},{"@type":"WebSite","@id":"https:\/\/dev.noval-home.com\/#website","url":"https:\/\/dev.noval-home.com\/","name":"Noval France","description":"","publisher":{"@id":"https:\/\/dev.noval-home.com\/#organization"},"potentialAction":[{"@type":"SearchAction","target":{"@type":"EntryPoint","urlTemplate":"https:\/\/dev.noval-home.com\/?s={search_term_string}"},"query-input":{"@type":"PropertyValueSpecification","valueRequired":true,"valueName":"search_term_string"}}],"inLanguage":"en-GB"},{"@type":"Organization","@id":"https:\/\/dev.noval-home.com\/#organization","name":"Noval France","url":"https:\/\/dev.noval-home.com\/","logo":{"@type":"ImageObject","inLanguage":"en-GB","@id":"https:\/\/dev.noval-home.com\/#\/schema\/logo\/image\/","url":"https:\/\/dev.noval-home.com\/wp-content\/uploads\/2025\/11\/noval-1.png","contentUrl":"https:\/\/dev.noval-home.com\/wp-content\/uploads\/2025\/11\/noval-1.png","width":500,"height":128,"caption":"Noval France"},"image":{"@id":"https:\/\/dev.noval-home.com\/#\/schema\/logo\/image\/"},"sameAs":["https:\/\/www.linkedin.com\/company\/noval\/"]}]}},"_links":{"self":[{"href":"https:\/\/dev.noval-home.com\/en\/wp-json\/wp\/v2\/pages\/135","targetHints":{"allow":["GET"]}}],"collection":[{"href":"https:\/\/dev.noval-home.com\/en\/wp-json\/wp\/v2\/pages"}],"about":[{"href":"https:\/\/dev.noval-home.com\/en\/wp-json\/wp\/v2\/types\/page"}],"author":[{"embeddable":true,"href":"https:\/\/dev.noval-home.com\/en\/wp-json\/wp\/v2\/users\/1"}],"replies":[{"embeddable":true,"href":"https:\/\/dev.noval-home.com\/en\/wp-json\/wp\/v2\/comments?post=135"}],"version-history":[{"count":13,"href":"https:\/\/dev.noval-home.com\/en\/wp-json\/wp\/v2\/pages\/135\/revisions"}],"predecessor-version":[{"id":745,"href":"https:\/\/dev.noval-home.com\/en\/wp-json\/wp\/v2\/pages\/135\/revisions\/745"}],"wp:attachment":[{"href":"https:\/\/dev.noval-home.com\/en\/wp-json\/wp\/v2\/media?parent=135"}],"curies":[{"name":"wp","href":"https:\/\/api.w.org\/{rel}","templated":true}]}}