{"id":756,"date":"2026-01-16T14:36:07","date_gmt":"2026-01-16T13:36:07","guid":{"rendered":"https:\/\/dev.noval-home.com\/?page_id=756"},"modified":"2026-01-19T10:37:27","modified_gmt":"2026-01-19T09:37:27","slug":"realisations","status":"publish","type":"page","link":"https:\/\/dev.noval-home.com\/en\/realisations\/","title":{"rendered":"Achievements"},"content":{"rendered":"<section class=\"bde-section-756-101 bde-section\">\n  \n  \n\t\n\n\n\n<div class=\"section-container\"><h1 class=\"bde-heading-756-102 bde-heading\">\nAchievements\n<\/h1><\/div>\n<\/section><section class=\"bde-section-756-103 bde-section\">\n  \n  \n\t\n\n\n\n<div class=\"section-container\"><div class=\"bde-post-loop-756-104 bde-post-loop\">\n<div class=\"bde-loop bde-loop-masonry ee-posts ee-posts-masonry bde-loop-isotope ee-posts-isotope\">    <article class=\"bde-loop-item ee-post\">\n        <a class=\"bde-container-link-646-115-1308-646-1 bde-container-link bde-container-link-646-115 breakdance-link\" href=\"https:\/\/dev.noval-home.com\/en\/realisation\/verin-solaire-autonome\/\" target=\"_self\" data-type=\"url\">\n  \n  \n\t\n\n\n\n<div class=\"bde-div-646-116-1308-646-1 bde-div bde-div-646-116\">\n  \n  \n\t\n\n\n\n<h3 class=\"bde-heading-646-108-1308-646-1 bde-heading bde-heading-646-108\">\nV\u00e9rin solaire autonome\n<\/h3><div class=\"bde-text-646-109-1308-646-1 bde-text bde-text-646-109\">\nMotorisation sur mesure\n<\/div><div class=\"bde-text-646-111-1308-646-1 bde-text bde-text-646-111\">\n\n<\/div>\n<\/div>\n\n<\/a>    <\/article>\n    <article class=\"bde-loop-item ee-post\">\n        <style>.breakdance .bde-container-link-765-133-1306-765-1{background-image:url(https:\/\/dev.noval-home.com\/wp-content\/uploads\/2026\/03\/persienne-motorise.jpg);background-size:cover;background-repeat:no-repeat;background-position:center center}<\/style><a class=\"bde-container-link-765-133-1306-765-1 bde-container-link bde-container-link-765-133 breakdance-link\" href=\"https:\/\/dev.noval-home.com\/en\/realisation\/motorisation-persienne\/\" target=\"_self\" data-type=\"url\">\n  \n  \n\t\n\n\n\n<div class=\"bde-div-765-134-1306-765-1 bde-div bde-div-765-134\">\n  \n  \n\t\n\n\n\n<h3 class=\"bde-heading-765-135-1306-765-1 bde-heading bde-heading-765-135\">\nMotorisation of folding shutters\n<\/h3><div class=\"bde-text-765-136-1306-765-1 bde-text bde-text-765-136\">\nMade-to-measure motors, Motorised shutters\n<\/div><div class=\"bde-text-765-137-1306-765-1 bde-text bde-text-765-137\">\n\n<\/div>\n<\/div>\n\n<\/a>    <\/article>\n    <article class=\"bde-loop-item ee-post\">\n        <style>.breakdance .bde-container-link-646-115-1302-646-1{background-image:url(https:\/\/dev.noval-home.com\/wp-content\/uploads\/2026\/03\/motorisation-volet-guillotine.jpg);background-size:cover;background-repeat:no-repeat;background-position:center center}<\/style><a class=\"bde-container-link-646-115-1302-646-1 bde-container-link bde-container-link-646-115 breakdance-link\" href=\"https:\/\/dev.noval-home.com\/en\/realisation\/motorisation-volet-guillotine\/\" target=\"_self\" data-type=\"url\">\n  \n  \n\t\n\n\n\n<div class=\"bde-div-646-116-1302-646-1 bde-div bde-div-646-116\">\n  \n  \n\t\n\n\n\n<h3 class=\"bde-heading-646-108-1302-646-1 bde-heading bde-heading-646-108\">\nMotorised vertical sliding shutters\n<\/h3><div class=\"bde-text-646-109-1302-646-1 bde-text bde-text-646-109\">\nMade-to-measure motors, Motorised shutters\n<\/div><div class=\"bde-text-646-111-1302-646-1 bde-text bde-text-646-111\">\n\n<\/div>\n<\/div>\n\n<\/a>    <\/article>\n    <article class=\"bde-loop-item ee-post\">\n        <style>.breakdance .bde-container-link-765-133-1026-765-1{background-image:url(https:\/\/dev.noval-home.com\/wp-content\/uploads\/2025\/12\/lames-orientables-motorisees-Anatole-france2-Petit.jpg);background-size:cover;background-repeat:no-repeat;background-position:center center}<\/style><a class=\"bde-container-link-765-133-1026-765-1 bde-container-link bde-container-link-765-133 breakdance-link\" href=\"https:\/\/dev.noval-home.com\/en\/realisation\/anatole-france\/\" target=\"_self\" data-type=\"url\">\n  \n  \n\t\n\n\n\n<div class=\"bde-div-765-134-1026-765-1 bde-div bde-div-765-134\">\n  \n  \n\t\n\n\n\n<h3 class=\"bde-heading-765-135-1026-765-1 bde-heading bde-heading-765-135\">\nAnatole France\n<\/h3><div class=\"bde-text-765-136-1026-765-1 bde-text bde-text-765-136\">\nMotorised shutters\n<\/div><div class=\"bde-text-765-137-1026-765-1 bde-text bde-text-765-137\">\nNOVA SPIN\n<\/div>\n<\/div>\n\n<\/a>    <\/article>\n    <article class=\"bde-loop-item ee-post\">\n        <style>.breakdance .bde-container-link-646-115-925-646-1{background-image:url(https:\/\/dev.noval-home.com\/wp-content\/uploads\/2026\/02\/motorisation-coulissant-villa-ketamine-minimalist-systems-3.jpg);background-size:cover;background-repeat:no-repeat;background-position:center center}<\/style><a class=\"bde-container-link-646-115-925-646-1 bde-container-link bde-container-link-646-115 breakdance-link\" href=\"https:\/\/dev.noval-home.com\/en\/realisation\/motorisation-par-minimalist-systems\/\" target=\"_self\" data-type=\"url\">\n  \n  \n\t\n\n\n\n<div class=\"bde-div-646-116-925-646-1 bde-div bde-div-646-116\">\n  \n  \n\t\n\n\n\n<h3 class=\"bde-heading-646-108-925-646-1 bde-heading bde-heading-646-108\">\nMotorisation by Minimalist systems\n<\/h3><div class=\"bde-text-646-109-925-646-1 bde-text bde-text-646-109\">\nSliding bay motorisation\n<\/div><div class=\"bde-text-646-111-925-646-1 bde-text bde-text-646-111\">\nINVISI 300\n<\/div>\n<\/div>\n\n<\/a>    <\/article>\n    <article class=\"bde-loop-item ee-post\">\n        <style>.breakdance .bde-container-link-765-133-882-765-1{background-image:url(https:\/\/dev.noval-home.com\/wp-content\/uploads\/2026\/01\/WhatsApp-Image-2025-10-16-a-10.29.27_5d5ee08e.jpg);background-size:cover;background-repeat:no-repeat;background-position:center center}<\/style><a class=\"bde-container-link-765-133-882-765-1 bde-container-link bde-container-link-765-133 breakdance-link\" href=\"https:\/\/dev.noval-home.com\/en\/realisation\/motorisation-single-sur-terrasse-mobile\/\" target=\"_self\" data-type=\"url\">\n  \n  \n\t\n\n\n\n<div class=\"bde-div-765-134-882-765-1 bde-div bde-div-765-134\">\n  \n  \n\t\n\n\n\n<h3 class=\"bde-heading-765-135-882-765-1 bde-heading bde-heading-765-135\">\nSINGLE drive on mobile terrace\n<\/h3><div class=\"bde-text-765-136-882-765-1 bde-text bde-text-765-136\">\nMotorisation for swimming pool enclosures\n<\/div><div class=\"bde-text-765-137-882-765-1 bde-text bde-text-765-137\">\nSLIDEO LOW\n<\/div>\n<\/div>\n\n<\/a>    <\/article>\n    <article class=\"bde-loop-item ee-post\">\n        <style>.breakdance .bde-container-link-646-115-874-646-1{background-image:url(https:\/\/dev.noval-home.com\/wp-content\/uploads\/2026\/01\/NOVAL-mobile-pool-deck-motor.jpg);background-size:cover;background-repeat:no-repeat;background-position:center center}<\/style><a class=\"bde-container-link-646-115-874-646-1 bde-container-link bde-container-link-646-115 breakdance-link\" href=\"https:\/\/dev.noval-home.com\/en\/realisation\/terrasse-mobile-motorise-noval\/\" target=\"_self\" data-type=\"url\">\n  \n  \n\t\n\n\n\n<div class=\"bde-div-646-116-874-646-1 bde-div bde-div-646-116\">\n  \n  \n\t\n\n\n\n<h3 class=\"bde-heading-646-108-874-646-1 bde-heading bde-heading-646-108\">\nMotorisation of a mobile terrace in the Landes\n<\/h3><div class=\"bde-text-646-109-874-646-1 bde-text bde-text-646-109\">\nMotorisation for swimming pool enclosures\n<\/div><div class=\"bde-text-646-111-874-646-1 bde-text bde-text-646-111\">\nSLIDEO LOW\n<\/div>\n<\/div>\n\n<\/a>    <\/article>\n    <article class=\"bde-loop-item ee-post\">\n        <style>.breakdance .bde-container-link-765-133-862-765-1{background-image:url(https:\/\/dev.noval-home.com\/wp-content\/uploads\/2026\/01\/IMG-20250305-WA00001.jpg);background-size:cover;background-repeat:no-repeat;background-position:center center}<\/style><a class=\"bde-container-link-765-133-862-765-1 bde-container-link bde-container-link-765-133 breakdance-link\" href=\"https:\/\/dev.noval-home.com\/en\/realisation\/abris-de-piscine-telescopique-bas-et-haut-motorise\/\" target=\"_self\" data-type=\"url\">\n  \n  \n\t\n\n\n\n<div class=\"bde-div-765-134-862-765-1 bde-div bde-div-765-134\">\n  \n  \n\t\n\n\n\n<h3 class=\"bde-heading-765-135-862-765-1 bde-heading bde-heading-765-135\">\nMotorised low and high telescopic pool enclosures by Noval\n<\/h3><div class=\"bde-text-765-136-862-765-1 bde-text bde-text-765-136\">\nMotorisation for swimming pool enclosures\n<\/div><div class=\"bde-text-765-137-862-765-1 bde-text bde-text-765-137\">\nSLIDEO LOW\n<\/div>\n<\/div>\n\n<\/a>    <\/article>\n    <article class=\"bde-loop-item ee-post\">\n        <style>.breakdance .bde-container-link-646-115-671-646-1{background-image:url(https:\/\/dev.noval-home.com\/wp-content\/uploads\/2025\/12\/noval-36.jpg);background-size:cover;background-repeat:no-repeat;background-position:center center}<\/style><a class=\"bde-container-link-646-115-671-646-1 bde-container-link bde-container-link-646-115 breakdance-link\" href=\"https:\/\/dev.noval-home.com\/en\/realisation\/siege-social-de-veolia\/\" target=\"_self\" data-type=\"url\">\n  \n  \n\t\n\n\n\n<div class=\"bde-div-646-116-671-646-1 bde-div bde-div-646-116\">\n  \n  \n\t\n\n\n\n<h3 class=\"bde-heading-646-108-671-646-1 bde-heading bde-heading-646-108\">\nV\u00e9olia head office\n<\/h3><div class=\"bde-text-646-109-671-646-1 bde-text bde-text-646-109\">\nMotorised shutters\n<\/div><div class=\"bde-text-646-111-671-646-1 bde-text bde-text-646-111\">\nNOVA SPIN\n<\/div>\n<\/div>\n\n<\/a>    <\/article>\n    <article class=\"bde-loop-item ee-post\">\n        <style>.breakdance .bde-container-link-765-133-669-765-1{background-image:url(https:\/\/dev.noval-home.com\/wp-content\/uploads\/2026\/01\/noval-4.jpg);background-size:cover;background-repeat:no-repeat;background-position:center center}<\/style><a class=\"bde-container-link-765-133-669-765-1 bde-container-link bde-container-link-765-133 breakdance-link\" href=\"https:\/\/dev.noval-home.com\/en\/realisation\/siege-social-de-la-poste\/\" target=\"_self\" data-type=\"url\">\n  \n  \n\t\n\n\n\n<div class=\"bde-div-765-134-669-765-1 bde-div bde-div-765-134\">\n  \n  \n\t\n\n\n\n<h3 class=\"bde-heading-765-135-669-765-1 bde-heading bde-heading-765-135\">\nLa Poste head office\n<\/h3><div class=\"bde-text-765-136-669-765-1 bde-text bde-text-765-136\">\nMotorised shutters\n<\/div><div class=\"bde-text-765-137-669-765-1 bde-text bde-text-765-137\">\nNOVA SLIDE\n<\/div>\n<\/div>\n\n<\/a>    <\/article>\n    <article class=\"bde-loop-item ee-post\">\n        <style>.breakdance .bde-container-link-646-115-667-646-1{background-image:url(https:\/\/dev.noval-home.com\/wp-content\/uploads\/2026\/01\/noval-3.jpg);background-size:cover;background-repeat:no-repeat;background-position:center center}<\/style><a class=\"bde-container-link-646-115-667-646-1 bde-container-link bde-container-link-646-115 breakdance-link\" href=\"https:\/\/dev.noval-home.com\/en\/realisation\/conseil-general-de-haute-garonne\/\" target=\"_self\" data-type=\"url\">\n  \n  \n\t\n\n\n\n<div class=\"bde-div-646-116-667-646-1 bde-div bde-div-646-116\">\n  \n  \n\t\n\n\n\n<h3 class=\"bde-heading-646-108-667-646-1 bde-heading bde-heading-646-108\">\nGeneral Council of Haute-Garonne\n<\/h3><div class=\"bde-text-646-109-667-646-1 bde-text bde-text-646-109\">\nMotorised shutters\n<\/div><div class=\"bde-text-646-111-667-646-1 bde-text bde-text-646-111\">\nNOVA SLIDE\n<\/div>\n<\/div>\n\n<\/a>    <\/article>\n    <article class=\"bde-loop-item ee-post\">\n        <style>.breakdance .bde-container-link-765-133-665-765-1{background-image:url(https:\/\/dev.noval-home.com\/wp-content\/uploads\/2026\/01\/noval-2.jpg);background-size:cover;background-repeat:no-repeat;background-position:center center}<\/style><a class=\"bde-container-link-765-133-665-765-1 bde-container-link bde-container-link-765-133 breakdance-link\" href=\"https:\/\/dev.noval-home.com\/en\/realisation\/10-grenelle\/\" target=\"_self\" data-type=\"url\">\n  \n  \n\t\n\n\n\n<div class=\"bde-div-765-134-665-765-1 bde-div bde-div-765-134\">\n  \n  \n\t\n\n\n\n<h3 class=\"bde-heading-765-135-665-765-1 bde-heading bde-heading-765-135\">\n10 Grenelle\n<\/h3><div class=\"bde-text-765-136-665-765-1 bde-text bde-text-765-136\">\nMotorised shutters\n<\/div><div class=\"bde-text-765-137-665-765-1 bde-text bde-text-765-137\">\nNOVA LIFT\n<\/div>\n<\/div>\n\n<\/a>    <\/article>\n    <article class=\"bde-loop-item ee-post\">\n        <style>.breakdance .bde-container-link-646-115-663-646-1{background-image:url(https:\/\/dev.noval-home.com\/wp-content\/uploads\/2026\/01\/noval-1.jpg);background-size:cover;background-repeat:no-repeat;background-position:center center}<\/style><a class=\"bde-container-link-646-115-663-646-1 bde-container-link bde-container-link-646-115 breakdance-link\" href=\"https:\/\/dev.noval-home.com\/en\/realisation\/cnfpt-limoges\/\" target=\"_self\" data-type=\"url\">\n  \n  \n\t\n\n\n\n<div class=\"bde-div-646-116-663-646-1 bde-div bde-div-646-116\">\n  \n  \n\t\n\n\n\n<h3 class=\"bde-heading-646-108-663-646-1 bde-heading bde-heading-646-108\">\nCNFPT Limoges\n<\/h3><div class=\"bde-text-646-109-663-646-1 bde-text bde-text-646-109\">\nMotorised shutters\n<\/div><div class=\"bde-text-646-111-663-646-1 bde-text bde-text-646-111\">\nNOVA SLIDE\n<\/div>\n<\/div>\n\n<\/a>    <\/article>\n    <article class=\"bde-loop-item ee-post\">\n        <style>.breakdance .bde-container-link-765-133-661-765-1{background-image:url(https:\/\/dev.noval-home.com\/wp-content\/uploads\/2026\/01\/noval.jpg);background-size:cover;background-repeat:no-repeat;background-position:center center}<\/style><a class=\"bde-container-link-765-133-661-765-1 bde-container-link bde-container-link-765-133 breakdance-link\" href=\"https:\/\/dev.noval-home.com\/en\/realisation\/maison-des-sciences-environnementales-creteil\/\" target=\"_self\" data-type=\"url\">\n  \n  \n\t\n\n\n\n<div class=\"bde-div-765-134-661-765-1 bde-div bde-div-765-134\">\n  \n  \n\t\n\n\n\n<h3 class=\"bde-heading-765-135-661-765-1 bde-heading bde-heading-765-135\">\nHouse of Environmental Sciences Cr\u00e9teil\n<\/h3><div class=\"bde-text-765-136-661-765-1 bde-text bde-text-765-136\">\nMotorised shutters\n<\/div><div class=\"bde-text-765-137-661-765-1 bde-text bde-text-765-137\">\nNOVA FOLD\n<\/div>\n<\/div>\n\n<\/a>    <\/article>\n    <article class=\"bde-loop-item ee-post\">\n        <style>.breakdance .bde-container-link-646-115-660-646-1{background-image:url(https:\/\/dev.noval-home.com\/wp-content\/uploads\/2025\/12\/noval-18.jpg);background-size:cover;background-repeat:no-repeat;background-position:center center}<\/style><a class=\"bde-container-link-646-115-660-646-1 bde-container-link bde-container-link-646-115 breakdance-link\" href=\"https:\/\/dev.noval-home.com\/en\/realisation\/groupe-scolaire-de-montevrain\/\" target=\"_self\" data-type=\"url\">\n  \n  \n\t\n\n\n\n<div class=\"bde-div-646-116-660-646-1 bde-div bde-div-646-116\">\n  \n  \n\t\n\n\n\n<h3 class=\"bde-heading-646-108-660-646-1 bde-heading bde-heading-646-108\">\nMont\u00e9vrain school group\n<\/h3><div class=\"bde-text-646-109-660-646-1 bde-text bde-text-646-109\">\nMotorised shutters\n<\/div><div class=\"bde-text-646-111-660-646-1 bde-text bde-text-646-111\">\nNOVA LIFT\n<\/div>\n<\/div>\n\n<\/a>    <\/article>\n<div class=\"bde-loop-item-gutter ee-post-gutter\"><\/div><div class=\"bde-loop-item-sizer ee-post-sizer\"><\/div><\/div><div class='bde-posts-pagination bde-posts-pagination-prevnext bde-posts-prev-next-link'><a href=\"https:\/\/dev.noval-home.com\/en\/wp-json\/wp\/v2\/pages\/756\/page\/2\/\" >Suivant<\/a><\/div>\n\n<\/div><\/div>\n<\/section>","protected":false},"excerpt":{"rendered":"<p>R\u00e9alisations V\u00e9rin solaire autonome Motorisation sur mesure Motorisation de persiennes Motorisation sur mesure, Volets motoris\u00e9s Motorisation de volet guillotine Motorisation sur mesure, Volets motoris\u00e9s Anatole France Volets motoris\u00e9s NOVA SPIN Motorisation par Minimalist systems Motorisation de baie coulissante INVISI 300 Motorisation SINGLE sur terrasse mobile Motorisation pour abris piscine SLIDEO BAS Motorisation de terrasse mobile [&hellip;]<\/p>\n","protected":false},"author":1,"featured_media":0,"parent":0,"menu_order":0,"comment_status":"closed","ping_status":"closed","template":"","meta":{"_acf_changed":false,"_breakdance_hide_in_design_set":false,"_breakdance_tags":"","footnotes":""},"class_list":["post-756","page","type-page","status-publish","hentry"],"acf":[],"yoast_head":"<!-- This site is optimized with the Yoast SEO plugin v27.4 - https:\/\/yoast.com\/product\/yoast-seo-wordpress\/ -->\n<title>R\u00e9alisations - Noval Home<\/title>\n<meta name=\"robots\" content=\"noindex, follow, max-snippet:-1, max-image-preview:large, max-video-preview:-1\" \/>\n<meta property=\"og:locale\" content=\"en_GB\" \/>\n<meta property=\"og:type\" content=\"article\" \/>\n<meta property=\"og:title\" content=\"R\u00e9alisations - Noval Home\" \/>\n<meta property=\"og:description\" content=\"R\u00e9alisations V\u00e9rin solaire autonome Motorisation sur mesure Motorisation de persiennes Motorisation sur mesure, Volets motoris\u00e9s Motorisation de volet guillotine Motorisation sur mesure, Volets motoris\u00e9s Anatole France Volets motoris\u00e9s NOVA SPIN Motorisation par Minimalist systems Motorisation de baie coulissante INVISI 300 Motorisation SINGLE sur terrasse mobile Motorisation pour abris piscine SLIDEO BAS Motorisation de terrasse mobile [&hellip;]\" \/>\n<meta property=\"og:url\" content=\"https:\/\/dev.noval-home.com\/en\/realisations\/\" \/>\n<meta property=\"og:site_name\" content=\"Noval Home\" \/>\n<meta property=\"article:modified_time\" content=\"2026-01-19T09:37:27+00:00\" \/>\n<meta property=\"og:image\" content=\"https:\/\/dev.noval-home.com\/wp-content\/uploads\/2025\/12\/noval-4.jpg\" \/>\n\t<meta property=\"og:image:width\" content=\"1200\" \/>\n\t<meta property=\"og:image:height\" content=\"675\" \/>\n\t<meta property=\"og:image:type\" content=\"image\/jpeg\" \/>\n<meta name=\"twitter:card\" content=\"summary_large_image\" \/>\n<script type=\"application\/ld+json\" class=\"yoast-schema-graph\">{\"@context\":\"https:\\\/\\\/schema.org\",\"@graph\":[{\"@type\":\"WebPage\",\"@id\":\"https:\\\/\\\/dev.noval-home.com\\\/realisations\\\/\",\"url\":\"https:\\\/\\\/dev.noval-home.com\\\/realisations\\\/\",\"name\":\"R\u00e9alisations - Noval Home\",\"isPartOf\":{\"@id\":\"https:\\\/\\\/dev.noval-home.com\\\/#website\"},\"datePublished\":\"2026-01-16T13:36:07+00:00\",\"dateModified\":\"2026-01-19T09:37:27+00:00\",\"breadcrumb\":{\"@id\":\"https:\\\/\\\/dev.noval-home.com\\\/realisations\\\/#breadcrumb\"},\"inLanguage\":\"en-GB\",\"potentialAction\":[{\"@type\":\"ReadAction\",\"target\":[\"https:\\\/\\\/dev.noval-home.com\\\/realisations\\\/\"]}]},{\"@type\":\"BreadcrumbList\",\"@id\":\"https:\\\/\\\/dev.noval-home.com\\\/realisations\\\/#breadcrumb\",\"itemListElement\":[{\"@type\":\"ListItem\",\"position\":1,\"name\":\"Accueil\",\"item\":\"https:\\\/\\\/dev.noval-home.com\\\/\"},{\"@type\":\"ListItem\",\"position\":2,\"name\":\"R\u00e9alisations\"}]},{\"@type\":\"WebSite\",\"@id\":\"https:\\\/\\\/dev.noval-home.com\\\/#website\",\"url\":\"https:\\\/\\\/dev.noval-home.com\\\/\",\"name\":\"Noval France\",\"description\":\"\",\"publisher\":{\"@id\":\"https:\\\/\\\/dev.noval-home.com\\\/#organization\"},\"potentialAction\":[{\"@type\":\"SearchAction\",\"target\":{\"@type\":\"EntryPoint\",\"urlTemplate\":\"https:\\\/\\\/dev.noval-home.com\\\/?s={search_term_string}\"},\"query-input\":{\"@type\":\"PropertyValueSpecification\",\"valueRequired\":true,\"valueName\":\"search_term_string\"}}],\"inLanguage\":\"en-GB\"},{\"@type\":\"Organization\",\"@id\":\"https:\\\/\\\/dev.noval-home.com\\\/#organization\",\"name\":\"Noval France\",\"url\":\"https:\\\/\\\/dev.noval-home.com\\\/\",\"logo\":{\"@type\":\"ImageObject\",\"inLanguage\":\"en-GB\",\"@id\":\"https:\\\/\\\/dev.noval-home.com\\\/#\\\/schema\\\/logo\\\/image\\\/\",\"url\":\"https:\\\/\\\/dev.noval-home.com\\\/wp-content\\\/uploads\\\/2025\\\/11\\\/noval-1.png\",\"contentUrl\":\"https:\\\/\\\/dev.noval-home.com\\\/wp-content\\\/uploads\\\/2025\\\/11\\\/noval-1.png\",\"width\":500,\"height\":128,\"caption\":\"Noval France\"},\"image\":{\"@id\":\"https:\\\/\\\/dev.noval-home.com\\\/#\\\/schema\\\/logo\\\/image\\\/\"},\"sameAs\":[\"https:\\\/\\\/www.linkedin.com\\\/company\\\/noval\\\/\"]}]}<\/script>\n<!-- \/ Yoast SEO plugin. -->","yoast_head_json":{"title":"R\u00e9alisations - Noval Home","robots":{"index":"noindex","follow":"follow","max-snippet":"max-snippet:-1","max-image-preview":"max-image-preview:large","max-video-preview":"max-video-preview:-1"},"og_locale":"en_GB","og_type":"article","og_title":"R\u00e9alisations - Noval Home","og_description":"R\u00e9alisations V\u00e9rin solaire autonome Motorisation sur mesure Motorisation de persiennes Motorisation sur mesure, Volets motoris\u00e9s Motorisation de volet guillotine Motorisation sur mesure, Volets motoris\u00e9s Anatole France Volets motoris\u00e9s NOVA SPIN Motorisation par Minimalist systems Motorisation de baie coulissante INVISI 300 Motorisation SINGLE sur terrasse mobile Motorisation pour abris piscine SLIDEO BAS Motorisation de terrasse mobile [&hellip;]","og_url":"https:\/\/dev.noval-home.com\/en\/realisations\/","og_site_name":"Noval Home","article_modified_time":"2026-01-19T09:37:27+00:00","og_image":[{"width":1200,"height":675,"url":"https:\/\/dev.noval-home.com\/wp-content\/uploads\/2025\/12\/noval-4.jpg","type":"image\/jpeg"}],"twitter_card":"summary_large_image","schema":{"@context":"https:\/\/schema.org","@graph":[{"@type":"WebPage","@id":"https:\/\/dev.noval-home.com\/realisations\/","url":"https:\/\/dev.noval-home.com\/realisations\/","name":"R\u00e9alisations - Noval Home","isPartOf":{"@id":"https:\/\/dev.noval-home.com\/#website"},"datePublished":"2026-01-16T13:36:07+00:00","dateModified":"2026-01-19T09:37:27+00:00","breadcrumb":{"@id":"https:\/\/dev.noval-home.com\/realisations\/#breadcrumb"},"inLanguage":"en-GB","potentialAction":[{"@type":"ReadAction","target":["https:\/\/dev.noval-home.com\/realisations\/"]}]},{"@type":"BreadcrumbList","@id":"https:\/\/dev.noval-home.com\/realisations\/#breadcrumb","itemListElement":[{"@type":"ListItem","position":1,"name":"Accueil","item":"https:\/\/dev.noval-home.com\/"},{"@type":"ListItem","position":2,"name":"R\u00e9alisations"}]},{"@type":"WebSite","@id":"https:\/\/dev.noval-home.com\/#website","url":"https:\/\/dev.noval-home.com\/","name":"Noval France","description":"","publisher":{"@id":"https:\/\/dev.noval-home.com\/#organization"},"potentialAction":[{"@type":"SearchAction","target":{"@type":"EntryPoint","urlTemplate":"https:\/\/dev.noval-home.com\/?s={search_term_string}"},"query-input":{"@type":"PropertyValueSpecification","valueRequired":true,"valueName":"search_term_string"}}],"inLanguage":"en-GB"},{"@type":"Organization","@id":"https:\/\/dev.noval-home.com\/#organization","name":"Noval France","url":"https:\/\/dev.noval-home.com\/","logo":{"@type":"ImageObject","inLanguage":"en-GB","@id":"https:\/\/dev.noval-home.com\/#\/schema\/logo\/image\/","url":"https:\/\/dev.noval-home.com\/wp-content\/uploads\/2025\/11\/noval-1.png","contentUrl":"https:\/\/dev.noval-home.com\/wp-content\/uploads\/2025\/11\/noval-1.png","width":500,"height":128,"caption":"Noval France"},"image":{"@id":"https:\/\/dev.noval-home.com\/#\/schema\/logo\/image\/"},"sameAs":["https:\/\/www.linkedin.com\/company\/noval\/"]}]}},"_links":{"self":[{"href":"https:\/\/dev.noval-home.com\/en\/wp-json\/wp\/v2\/pages\/756","targetHints":{"allow":["GET"]}}],"collection":[{"href":"https:\/\/dev.noval-home.com\/en\/wp-json\/wp\/v2\/pages"}],"about":[{"href":"https:\/\/dev.noval-home.com\/en\/wp-json\/wp\/v2\/types\/page"}],"author":[{"embeddable":true,"href":"https:\/\/dev.noval-home.com\/en\/wp-json\/wp\/v2\/users\/1"}],"replies":[{"embeddable":true,"href":"https:\/\/dev.noval-home.com\/en\/wp-json\/wp\/v2\/comments?post=756"}],"version-history":[{"count":4,"href":"https:\/\/dev.noval-home.com\/en\/wp-json\/wp\/v2\/pages\/756\/revisions"}],"predecessor-version":[{"id":775,"href":"https:\/\/dev.noval-home.com\/en\/wp-json\/wp\/v2\/pages\/756\/revisions\/775"}],"wp:attachment":[{"href":"https:\/\/dev.noval-home.com\/en\/wp-json\/wp\/v2\/media?parent=756"}],"curies":[{"name":"wp","href":"https:\/\/api.w.org\/{rel}","templated":true}]}}